{"id":726,"date":"2019-10-16T22:38:04","date_gmt":"2019-10-16T22:38:04","guid":{"rendered":"https:\/\/agninversiones.com\/?page_id=726"},"modified":"2019-11-14T22:34:42","modified_gmt":"2019-11-14T22:34:42","slug":"news","status":"publish","type":"page","link":"https:\/\/agninversiones.com\/en\/news\/","title":{"rendered":"News"},"content":{"rendered":"<div class=\"wp-rss-template-container\" data-wpra-template=\"default\" data-template-ctx=\"eyJsaW1pdCI6MTAsImNsYXNzTmFtZSI6Imxpc3QtbmV3cy1yc3MiLCJpc0FsbCI6dHJ1ZSwidGVtcGxhdGUiOiJkZWZhdWx0IiwicGFnaW5hdGlvbiI6dHJ1ZX0=\">\n    <div class=\"wp-rss-aggregator wpra-list-template  list-news-rss\" data-page=\"1\">\n    \n    \n<ul class=\"wpra-item-list rss-aggregator wpra-item-list--bullets wpra-item-list--default\"\n    start=\"1\">\n                        <li class=\"wpra-item feed-item \">\n            \n            \n\n    <a  href=\"https:\/\/www.freshplaza.es\/article\/9794212\/la-exportacion-de-cereza-crecio-un-11-en-volumen-y-un-38-en-valor-respecto-al-ano-pasado\/\" target=\"_blank\" rel=\"nofollow\" class=\"\">La exportaci\u00f3n de cereza creci\u00f3 un 11% en volumen y un 38% en valor respecto al a\u00f1o pasado<\/a>\n\n\n\n\n\n\n<div class=\"wprss-feed-meta\">\n            <span class=\"feed-source\">\n            Source:\n\n                            FP.es\n                    <\/span>\n    \n            <span class=\"feed-date\">\n            Published on 2025-12-12\n        <\/span>\n    \n    <\/div>\n\n\n\n\n\n            \n        <\/li>\n                    <li class=\"wpra-item feed-item \">\n            \n            \n\n    <a  href=\"https:\/\/www.freshplaza.es\/article\/9793909\/exceso-de-oferta-y-mayor-competencia-en-el-mercado-mundial-del-ajo\/\" target=\"_blank\" rel=\"nofollow\" class=\"\">Exceso de oferta y mayor competencia en el mercado mundial del ajo<\/a>\n\n\n\n\n\n\n<div class=\"wprss-feed-meta\">\n            <span class=\"feed-source\">\n            Source:\n\n                            FP.es\n                    <\/span>\n    \n            <span class=\"feed-date\">\n            Published on 2025-12-12\n        <\/span>\n    \n    <\/div>\n\n\n\n\n\n            \n        <\/li>\n                    <li class=\"wpra-item feed-item \">\n            \n            \n\n    <a  href=\"https:\/\/www.freshplaza.es\/article\/9793907\/la-prevision-de-cosecha-de-naranjas-brasilenas-se-reduce-a-295-millones-de-cajas\/\" target=\"_blank\" rel=\"nofollow\" class=\"\">La previsi\u00f3n de cosecha de naranjas brasile\u00f1as se reduce a 295 millones de cajas<\/a>\n\n\n\n\n\n\n<div class=\"wprss-feed-meta\">\n            <span class=\"feed-source\">\n            Source:\n\n                            FP.es\n                    <\/span>\n    \n            <span class=\"feed-date\">\n            Published on 2025-12-12\n        <\/span>\n    \n    <\/div>\n\n\n\n\n\n            \n        <\/li>\n                    <li class=\"wpra-item feed-item \">\n            \n            \n\n    <a  href=\"https:\/\/www.freshplaza.es\/article\/9793926\/las-frutas-deshidratadas-de-georgia-aprovechan-la-oportunidad-tras-las-heladas-devastadoras-en-turquia\/\" target=\"_blank\" rel=\"nofollow\" class=\"\">Las frutas deshidratadas de Georgia aprovechan la oportunidad tras las heladas devastadoras en Turqu\u00eda<\/a>\n\n\n\n\n\n\n<div class=\"wprss-feed-meta\">\n            <span class=\"feed-source\">\n            Source:\n\n                            FP.es\n                    <\/span>\n    \n            <span class=\"feed-date\">\n            Published on 2025-12-12\n        <\/span>\n    \n    <\/div>\n\n\n\n\n\n            \n        <\/li>\n                    <li class=\"wpra-item feed-item \">\n            \n            \n\n    <a  href=\"https:\/\/www.freshplaza.es\/article\/9793894\/unos-ensayos-con-peras-en-argentina-muestran-una-maduracion-mas-lenta-con-1-mcp\/\" target=\"_blank\" rel=\"nofollow\" class=\"\">Unos ensayos con peras en Argentina muestran una maduraci\u00f3n m\u00e1s lenta con 1-MCP<\/a>\n\n\n\n\n\n\n<div class=\"wprss-feed-meta\">\n            <span class=\"feed-source\">\n            Source:\n\n                            FP.es\n                    <\/span>\n    \n            <span class=\"feed-date\">\n            Published on 2025-12-12\n        <\/span>\n    \n    <\/div>\n\n\n\n\n\n            \n        <\/li>\n                    <li class=\"wpra-item feed-item \">\n            \n            \n\n    <a  href=\"https:\/\/www.freshplaza.es\/article\/9793970\/los-beneficios-del-ozono-en-el-cultivo-de-tomates-de-industria-y-albahaca\/\" target=\"_blank\" rel=\"nofollow\" class=\"\">Los beneficios del ozono en el cultivo de tomates de industria y albahaca<\/a>\n\n\n\n\n\n\n<div class=\"wprss-feed-meta\">\n            <span class=\"feed-source\">\n            Source:\n\n                            FP.es\n                    <\/span>\n    \n            <span class=\"feed-date\">\n            Published on 2025-12-12\n        <\/span>\n    \n    <\/div>\n\n\n\n\n\n            \n        <\/li>\n                    <li class=\"wpra-item feed-item \">\n            \n            \n\n    <a  href=\"https:\/\/www.freshplaza.es\/article\/9794175\/los-frutos-rojos-de-huelva-contaran-con-un-1-mas-de-superficie-en-la-campana-2026\/\" target=\"_blank\" rel=\"nofollow\" class=\"\">Los frutos rojos de Huelva contar\u00e1n con un 1% m\u00e1s de superficie en la campa\u00f1a 2026<\/a>\n\n\n\n\n\n\n<div class=\"wprss-feed-meta\">\n            <span class=\"feed-source\">\n            Source:\n\n                            FP.es\n                    <\/span>\n    \n            <span class=\"feed-date\">\n            Published on 2025-12-12\n        <\/span>\n    \n    <\/div>\n\n\n\n\n\n            \n        <\/li>\n                    <li class=\"wpra-item feed-item \">\n            \n            \n\n    <a  href=\"https:\/\/www.freshplaza.es\/article\/9792657\/hay-que-prepararse-para-la-produccion-del-futuro\/\" target=\"_blank\" rel=\"nofollow\" class=\"\">&#8220;Hay que prepararse para la producci\u00f3n del futuro&#8221;<\/a>\n\n\n\n\n\n\n<div class=\"wprss-feed-meta\">\n            <span class=\"feed-source\">\n            Source:\n\n                            FP.es\n                    <\/span>\n    \n            <span class=\"feed-date\">\n            Published on 2025-12-12\n        <\/span>\n    \n    <\/div>\n\n\n\n\n\n            \n        <\/li>\n                    <li class=\"wpra-item feed-item \">\n            \n            \n\n    <a  href=\"https:\/\/www.freshplaza.es\/article\/9793906\/los-productores-de-washington-proponen-reducir-el-volumen-de-manzanas-por-el-exceso-de-oferta\/\" target=\"_blank\" rel=\"nofollow\" class=\"\">Los productores de Washington proponen reducir el volumen de manzanas por el exceso de oferta<\/a>\n\n\n\n\n\n\n<div class=\"wprss-feed-meta\">\n            <span class=\"feed-source\">\n            Source:\n\n                            FP.es\n                    <\/span>\n    \n            <span class=\"feed-date\">\n            Published on 2025-12-12\n        <\/span>\n    \n    <\/div>\n\n\n\n\n\n            \n        <\/li>\n                    <li class=\"wpra-item feed-item \">\n            \n            \n\n    <a  href=\"https:\/\/www.freshplaza.es\/article\/9792574\/a-menudo-nada-mas-entrar-en-el-almacen-tenemos-ya-la-inspiracion-para-crear-un-video-divertido\/\" target=\"_blank\" rel=\"nofollow\" class=\"\">&#8220;A menudo, nada m\u00e1s entrar en el almac\u00e9n tenemos ya la inspiraci\u00f3n para crear un v\u00eddeo divertido&#8221;<\/a>\n\n\n\n\n\n\n<div class=\"wprss-feed-meta\">\n            <span class=\"feed-source\">\n            Source:\n\n                            FP.es\n                    <\/span>\n    \n            <span class=\"feed-date\">\n            Published on 2025-12-12\n        <\/span>\n    \n    <\/div>\n\n\n\n\n\n            \n        <\/li>\n        <\/ul>\n\n            <div class=\"nav-links\">\n            <div class=\"nav-previous alignleft\">\n            <a data-wpra-shortcode=\"shortcode\" data-wpra-page=\"2\">\n                Older posts            <\/a>\n        <\/div>\n        <\/div>\n\n        \n<\/div>\n\n<\/div>\n","protected":false},"excerpt":{"rendered":"","protected":false},"author":1,"featured_media":0,"parent":0,"menu_order":0,"comment_status":"closed","ping_status":"closed","template":"news.php","meta":{"footnotes":""},"class_list":["post-726","page","type-page","status-publish","hentry"],"_links":{"self":[{"href":"https:\/\/agninversiones.com\/en\/wp-json\/wp\/v2\/pages\/726","targetHints":{"allow":["GET"]}}],"collection":[{"href":"https:\/\/agninversiones.com\/en\/wp-json\/wp\/v2\/pages"}],"about":[{"href":"https:\/\/agninversiones.com\/en\/wp-json\/wp\/v2\/types\/page"}],"author":[{"embeddable":true,"href":"https:\/\/agninversiones.com\/en\/wp-json\/wp\/v2\/users\/1"}],"replies":[{"embeddable":true,"href":"https:\/\/agninversiones.com\/en\/wp-json\/wp\/v2\/comments?post=726"}],"version-history":[{"count":8,"href":"https:\/\/agninversiones.com\/en\/wp-json\/wp\/v2\/pages\/726\/revisions"}],"predecessor-version":[{"id":1882,"href":"https:\/\/agninversiones.com\/en\/wp-json\/wp\/v2\/pages\/726\/revisions\/1882"}],"wp:attachment":[{"href":"https:\/\/agninversiones.com\/en\/wp-json\/wp\/v2\/media?parent=726"}],"curies":[{"name":"wp","href":"https:\/\/api.w.org\/{rel}","templated":true}]}}